{"id":25,"date":"2026-02-13T12:45:05","date_gmt":"2026-02-13T12:45:05","guid":{"rendered":"https:\/\/sachverstaendigenbuero-klein.de\/?page_id=25"},"modified":"2026-02-13T15:56:58","modified_gmt":"2026-02-13T15:56:58","slug":"sachverstaendigenbuero-klein","status":"publish","type":"page","link":"https:\/\/sachverstaendigenbuero-klein.de\/","title":{"rendered":""},"content":{"rendered":"\n<figure class=\"wp-block-image size-large is-resized\"><img fetchpriority=\"high\" decoding=\"async\" width=\"1024\" height=\"123\" src=\"https:\/\/sachverstaendigenbuero-klein.de\/wp-content\/uploads\/2026\/02\/Briefkopf-PCGUTACHTEN-neu-1024x123.jpg\" alt=\"\" class=\"wp-image-28\" style=\"width:1089px;height:auto\" srcset=\"https:\/\/sachverstaendigenbuero-klein.de\/wp-content\/uploads\/2026\/02\/Briefkopf-PCGUTACHTEN-neu-1024x123.jpg 1024w, https:\/\/sachverstaendigenbuero-klein.de\/wp-content\/uploads\/2026\/02\/Briefkopf-PCGUTACHTEN-neu-300x36.jpg 300w, https:\/\/sachverstaendigenbuero-klein.de\/wp-content\/uploads\/2026\/02\/Briefkopf-PCGUTACHTEN-neu-768x92.jpg 768w, https:\/\/sachverstaendigenbuero-klein.de\/wp-content\/uploads\/2026\/02\/Briefkopf-PCGUTACHTEN-neu-1536x184.jpg 1536w, https:\/\/sachverstaendigenbuero-klein.de\/wp-content\/uploads\/2026\/02\/Briefkopf-PCGUTACHTEN-neu-2048x246.jpg 2048w\" sizes=\"(max-width: 1024px) 100vw, 1024px\" \/><\/figure>\n\n\n\n<p>Das Sachverst\u00e4ndigenb\u00fcro Klein bietet ihnen professionelle unabh\u00e4ngige Schadengutachten f\u00fcr Kraftfahrzeuge aller Art im KFZ-Haftpflichtschadenfall an.<br>Wir Bewerten und Kalkulieren mit dem bei Versicherungen und Gerichten anerkannten DAT System.<br>Des Weiteren erstellen wir Technische- und Wertgutachten.<br>wir sind seid 20 Jahren Mitglied im BVFS (Bundesverband Freier Sachverst\u00e4ndiger e.V.)<\/p>\n\n\n\n<p><\/p>\n","protected":false},"excerpt":{"rendered":"<p>Das Sachverst\u00e4ndigenb\u00fcro Klein bietet ihnen professionelle unabh\u00e4ngige Schadengutachten f\u00fcr Kraftfahrzeuge aller Art im KFZ-Haftpflichtschadenfall an.Wir Bewerten und Kalkulieren mit dem [&hellip;]<\/p>\n","protected":false},"author":1,"featured_media":0,"parent":0,"menu_order":0,"comment_status":"closed","ping_status":"closed","template":"","meta":{"site-sidebar-layout":"default","site-content-layout":"","ast-site-content-layout":"default","site-content-style":"boxed","site-sidebar-style":"default","ast-global-header-display":"","ast-banner-title-visibility":"","ast-main-header-display":"","ast-hfb-above-header-display":"","ast-hfb-below-header-display":"","ast-hfb-mobile-header-display":"","site-post-title":"","ast-breadcrumbs-content":"","ast-featured-img":"","footer-sml-layout":"","ast-disable-related-posts":"","theme-transparent-header-meta":"","adv-header-id-meta":"","stick-header-meta":"","header-above-stick-meta":"","header-main-stick-meta":"","header-below-stick-meta":"","astra-migrate-meta-layouts":"default","ast-page-background-enabled":"default","ast-page-background-meta":{"desktop":{"background-color":"var(--ast-global-color-5)","background-image":"","background-repeat":"repeat","background-position":"center center","background-size":"auto","background-attachment":"scroll","background-type":"","background-media":"","overlay-type":"","overlay-color":"","overlay-opacity":"","overlay-gradient":""},"tablet":{"background-color":"","background-image":"","background-repeat":"repeat","background-position":"center center","background-size":"auto","background-attachment":"scroll","background-type":"","background-media":"","overlay-type":"","overlay-color":"","overlay-opacity":"","overlay-gradient":""},"mobile":{"background-color":"","background-image":"","background-repeat":"repeat","background-position":"center center","background-size":"auto","background-attachment":"scroll","background-type":"","background-media":"","overlay-type":"","overlay-color":"","overlay-opacity":"","overlay-gradient":""}},"ast-content-background-meta":{"desktop":{"background-color":"var(--ast-global-color-4)","background-image":"","background-repeat":"repeat","background-position":"center center","background-size":"auto","background-attachment":"scroll","background-type":"","background-media":"","overlay-type":"","overlay-color":"","overlay-opacity":"","overlay-gradient":""},"tablet":{"background-color":"var(--ast-global-color-4)","background-image":"","background-repeat":"repeat","background-position":"center center","background-size":"auto","background-attachment":"scroll","background-type":"","background-media":"","overlay-type":"","overlay-color":"","overlay-opacity":"","overlay-gradient":""},"mobile":{"background-color":"var(--ast-global-color-4)","background-image":"","background-repeat":"repeat","background-position":"center center","background-size":"auto","background-attachment":"scroll","background-type":"","background-media":"","overlay-type":"","overlay-color":"","overlay-opacity":"","overlay-gradient":""}},"footnotes":""},"class_list":["post-25","page","type-page","status-publish","hentry"],"yoast_head":"<!-- This site is optimized with the Yoast SEO plugin v26.9 - https:\/\/yoast.com\/product\/yoast-seo-wordpress\/ -->\n<title>- Sachverst\u00e4ndigenb\u00fcro Klein<\/title>\n<meta name=\"robots\" content=\"index, follow, max-snippet:-1, max-image-preview:large, max-video-preview:-1\" \/>\n<link rel=\"canonical\" href=\"https:\/\/sachverstaendigenbuero-klein.de\/\" \/>\n<meta property=\"og:locale\" content=\"de_DE\" \/>\n<meta property=\"og:type\" content=\"article\" \/>\n<meta property=\"og:title\" content=\"- Sachverst\u00e4ndigenb\u00fcro Klein\" \/>\n<meta property=\"og:description\" content=\"Das Sachverst\u00e4ndigenb\u00fcro Klein bietet ihnen professionelle unabh\u00e4ngige Schadengutachten f\u00fcr Kraftfahrzeuge aller Art im KFZ-Haftpflichtschadenfall an.Wir Bewerten und Kalkulieren mit dem [&hellip;]\" \/>\n<meta property=\"og:url\" content=\"https:\/\/sachverstaendigenbuero-klein.de\/\" \/>\n<meta property=\"og:site_name\" content=\"Sachverst\u00e4ndigenb\u00fcro Klein\" \/>\n<meta property=\"article:modified_time\" content=\"2026-02-13T15:56:58+00:00\" \/>\n<meta property=\"og:image\" content=\"https:\/\/sachverstaendigenbuero-klein.de\/wp-content\/uploads\/2026\/02\/Briefkopf-PCGUTACHTEN-neu.jpg\" \/>\n\t<meta property=\"og:image:width\" content=\"2235\" \/>\n\t<meta property=\"og:image:height\" content=\"268\" \/>\n\t<meta property=\"og:image:type\" content=\"image\/jpeg\" \/>\n<meta name=\"twitter:card\" content=\"summary_large_image\" \/>\n<script type=\"application\/ld+json\" class=\"yoast-schema-graph\">{\"@context\":\"https:\/\/schema.org\",\"@graph\":[{\"@type\":\"WebPage\",\"@id\":\"https:\/\/sachverstaendigenbuero-klein.de\/\",\"url\":\"https:\/\/sachverstaendigenbuero-klein.de\/\",\"name\":\"- Sachverst\u00e4ndigenb\u00fcro Klein\",\"isPartOf\":{\"@id\":\"https:\/\/sachverstaendigenbuero-klein.de\/#website\"},\"primaryImageOfPage\":{\"@id\":\"https:\/\/sachverstaendigenbuero-klein.de\/#primaryimage\"},\"image\":{\"@id\":\"https:\/\/sachverstaendigenbuero-klein.de\/#primaryimage\"},\"thumbnailUrl\":\"https:\/\/sachverstaendigenbuero-klein.de\/wp-content\/uploads\/2026\/02\/Briefkopf-PCGUTACHTEN-neu-1024x123.jpg\",\"datePublished\":\"2026-02-13T12:45:05+00:00\",\"dateModified\":\"2026-02-13T15:56:58+00:00\",\"inLanguage\":\"de\",\"potentialAction\":[{\"@type\":\"ReadAction\",\"target\":[\"https:\/\/sachverstaendigenbuero-klein.de\/\"]}]},{\"@type\":\"ImageObject\",\"inLanguage\":\"de\",\"@id\":\"https:\/\/sachverstaendigenbuero-klein.de\/#primaryimage\",\"url\":\"https:\/\/sachverstaendigenbuero-klein.de\/wp-content\/uploads\/2026\/02\/Briefkopf-PCGUTACHTEN-neu.jpg\",\"contentUrl\":\"https:\/\/sachverstaendigenbuero-klein.de\/wp-content\/uploads\/2026\/02\/Briefkopf-PCGUTACHTEN-neu.jpg\",\"width\":2235,\"height\":268},{\"@type\":\"WebSite\",\"@id\":\"https:\/\/sachverstaendigenbuero-klein.de\/#website\",\"url\":\"https:\/\/sachverstaendigenbuero-klein.de\/\",\"name\":\"Sachverst\u00e4ndigenb\u00fcro Klein\",\"description\":\"\",\"potentialAction\":[{\"@type\":\"SearchAction\",\"target\":{\"@type\":\"EntryPoint\",\"urlTemplate\":\"https:\/\/sachverstaendigenbuero-klein.de\/?s={search_term_string}\"},\"query-input\":{\"@type\":\"PropertyValueSpecification\",\"valueRequired\":true,\"valueName\":\"search_term_string\"}}],\"inLanguage\":\"de\"}]}<\/script>\n<!-- \/ Yoast SEO plugin. -->","yoast_head_json":{"title":"- Sachverst\u00e4ndigenb\u00fcro Klein","robots":{"index":"index","follow":"follow","max-snippet":"max-snippet:-1","max-image-preview":"max-image-preview:large","max-video-preview":"max-video-preview:-1"},"canonical":"https:\/\/sachverstaendigenbuero-klein.de\/","og_locale":"de_DE","og_type":"article","og_title":"- Sachverst\u00e4ndigenb\u00fcro Klein","og_description":"Das Sachverst\u00e4ndigenb\u00fcro Klein bietet ihnen professionelle unabh\u00e4ngige Schadengutachten f\u00fcr Kraftfahrzeuge aller Art im KFZ-Haftpflichtschadenfall an.Wir Bewerten und Kalkulieren mit dem [&hellip;]","og_url":"https:\/\/sachverstaendigenbuero-klein.de\/","og_site_name":"Sachverst\u00e4ndigenb\u00fcro Klein","article_modified_time":"2026-02-13T15:56:58+00:00","og_image":[{"width":2235,"height":268,"url":"https:\/\/sachverstaendigenbuero-klein.de\/wp-content\/uploads\/2026\/02\/Briefkopf-PCGUTACHTEN-neu.jpg","type":"image\/jpeg"}],"twitter_card":"summary_large_image","schema":{"@context":"https:\/\/schema.org","@graph":[{"@type":"WebPage","@id":"https:\/\/sachverstaendigenbuero-klein.de\/","url":"https:\/\/sachverstaendigenbuero-klein.de\/","name":"- Sachverst\u00e4ndigenb\u00fcro Klein","isPartOf":{"@id":"https:\/\/sachverstaendigenbuero-klein.de\/#website"},"primaryImageOfPage":{"@id":"https:\/\/sachverstaendigenbuero-klein.de\/#primaryimage"},"image":{"@id":"https:\/\/sachverstaendigenbuero-klein.de\/#primaryimage"},"thumbnailUrl":"https:\/\/sachverstaendigenbuero-klein.de\/wp-content\/uploads\/2026\/02\/Briefkopf-PCGUTACHTEN-neu-1024x123.jpg","datePublished":"2026-02-13T12:45:05+00:00","dateModified":"2026-02-13T15:56:58+00:00","inLanguage":"de","potentialAction":[{"@type":"ReadAction","target":["https:\/\/sachverstaendigenbuero-klein.de\/"]}]},{"@type":"ImageObject","inLanguage":"de","@id":"https:\/\/sachverstaendigenbuero-klein.de\/#primaryimage","url":"https:\/\/sachverstaendigenbuero-klein.de\/wp-content\/uploads\/2026\/02\/Briefkopf-PCGUTACHTEN-neu.jpg","contentUrl":"https:\/\/sachverstaendigenbuero-klein.de\/wp-content\/uploads\/2026\/02\/Briefkopf-PCGUTACHTEN-neu.jpg","width":2235,"height":268},{"@type":"WebSite","@id":"https:\/\/sachverstaendigenbuero-klein.de\/#website","url":"https:\/\/sachverstaendigenbuero-klein.de\/","name":"Sachverst\u00e4ndigenb\u00fcro Klein","description":"","potentialAction":[{"@type":"SearchAction","target":{"@type":"EntryPoint","urlTemplate":"https:\/\/sachverstaendigenbuero-klein.de\/?s={search_term_string}"},"query-input":{"@type":"PropertyValueSpecification","valueRequired":true,"valueName":"search_term_string"}}],"inLanguage":"de"}]}},"_links":{"self":[{"href":"https:\/\/sachverstaendigenbuero-klein.de\/index.php\/wp-json\/wp\/v2\/pages\/25","targetHints":{"allow":["GET"]}}],"collection":[{"href":"https:\/\/sachverstaendigenbuero-klein.de\/index.php\/wp-json\/wp\/v2\/pages"}],"about":[{"href":"https:\/\/sachverstaendigenbuero-klein.de\/index.php\/wp-json\/wp\/v2\/types\/page"}],"author":[{"embeddable":true,"href":"https:\/\/sachverstaendigenbuero-klein.de\/index.php\/wp-json\/wp\/v2\/users\/1"}],"replies":[{"embeddable":true,"href":"https:\/\/sachverstaendigenbuero-klein.de\/index.php\/wp-json\/wp\/v2\/comments?post=25"}],"version-history":[{"count":6,"href":"https:\/\/sachverstaendigenbuero-klein.de\/index.php\/wp-json\/wp\/v2\/pages\/25\/revisions"}],"predecessor-version":[{"id":33,"href":"https:\/\/sachverstaendigenbuero-klein.de\/index.php\/wp-json\/wp\/v2\/pages\/25\/revisions\/33"}],"wp:attachment":[{"href":"https:\/\/sachverstaendigenbuero-klein.de\/index.php\/wp-json\/wp\/v2\/media?parent=25"}],"curies":[{"name":"wp","href":"https:\/\/api.w.org\/{rel}","templated":true}]}}